{"id":347,"date":"2023-05-04T10:04:11","date_gmt":"2023-05-04T08:04:11","guid":{"rendered":"https:\/\/runasnet.org\/?page_id=347"},"modified":"2024-04-18T19:45:50","modified_gmt":"2024-04-18T17:45:50","slug":"normas","status":"publish","type":"page","link":"https:\/\/runasnet.org\/index.php\/normas\/","title":{"rendered":"Normas"},"content":{"rendered":"\n<p class=\"has-link-color wp-elements-d4976c0cfb72a5e46319af0c32398306\">No se permitir\u00e1 <strong>ning\u00fan abuso<\/strong>, si eres <strong>testigo o v\u00edctima<\/strong> de alguno, ponte en contacto con los administradores inmediatamente en el canal \u2060asistencia del <strong><a href=\"https:\/\/discord.gg\/BNMcmxwEqr\" data-type=\"URL\" data-id=\"https:\/\/discord.gg\/BNMcmxwEqr\" target=\"_blank\" rel=\"noreferrer noopener\">Discord<\/a><\/strong> o env\u00eda un mail a <strong>organizacion@runasnet.org<\/strong>. El abuso incluye, pero no est\u00e1 limitado a: acoso, amenazas, intimidaci\u00f3n, ofensas, agresiones, grabaciones o fotograf\u00edas no consentidas, interrupciones reiteradas o constantes en cualquier evento, o petici\u00f3n de datos personales no necesarios para el desarrollo del evento. El abuso est\u00e1 relacionado, pero no limitado a: raza, nacionalidad, identidad de g\u00e9nero, orientaci\u00f3n sexual, edad, talla, diversidad funcional, apariencia, religi\u00f3n o embarazo. Los temas relacionados con el sexo, la pornograf\u00eda, lenguaje discriminatorio y otras formas de abuso son bienvenidos, tanto en las charlas como en las partidas si los organizadores han sido informados y la partida est\u00e1 correctamente etiquetada de manera que los participantes lo conozcan y puedan elegir participar, o no, conscientemente.<\/p>\n\n\n\n<p>No est\u00e1 permitida la difusi\u00f3n de material ilegal en ninguno de los canales del servidor.<\/p>\n\n\n\n<p>No est\u00e1 permitido el spam ni el abuso de gifs e im\u00e1genes que dificulten la lectura de contenido.<\/p>\n\n\n\n<p>Los administradores se reservan el derecho a modificar estas normas cuando lo estimen oportuno. El desconocimiento de las normas no exime de su cumplimiento. La violaci\u00f3n de cualquiera de ellas conlleva la expulsi\u00f3n del servidor y las jornadas.<\/p>\n\n\n\n<p>&nbsp;\ud83d\udc49 <strong>Al participar en las jornadas est\u00e1s aceptando estas normas y comprometi\u00e9ndote a seguirlas. Aceptarlas es requisito indispensable para participar en las jornadas.<\/strong>&nbsp;\ud83d\udc48<\/p>\n","protected":false},"excerpt":{"rendered":"<p>No se permitir\u00e1 ning\u00fan abuso, si eres testigo o v\u00edctima de alguno, ponte en contacto con los administradores inmediatamente en el canal \u2060asistencia del Discord o env\u00eda un mail a organizacion@runasnet.org. El abuso incluye, pero no est\u00e1 limitado a: acoso, amenazas, intimidaci\u00f3n, ofensas, agresiones, grabaciones o fotograf\u00edas no consentidas, interrupciones reiteradas o constantes en cualquier evento, o petici\u00f3n de datos personales no necesarios para el desarrollo del evento. El abuso est\u00e1 relacionado, pero no limitado a: raza, nacionalidad, identidad de g\u00e9nero, orientaci\u00f3n sexual, edad, talla, diversidad funcional, apariencia, religi\u00f3n o embarazo. Los temas relacionados con el sexo, la pornograf\u00eda, lenguaje discriminatorio y otras formas de abuso son bienvenidos, tanto en las charlas como en las partidas si los organizadores han sido informados y la partida est\u00e1 correctamente etiquetada de manera que los participantes lo conozcan y puedan elegir participar, o no, conscientemente. No est\u00e1 permitida la difusi\u00f3n de material ilegal en ninguno de los canales del servidor. No est\u00e1 permitido el spam ni el abuso de gifs e im\u00e1genes que dificulten la lectura de contenido. Los administradores se reservan el derecho a modificar estas normas cuando lo estimen oportuno. El desconocimiento de las normas no exime de su cumplimiento. La violaci\u00f3n de cualquiera de ellas conlleva la expulsi\u00f3n del servidor y las jornadas. &nbsp;\ud83d\udc49 Al participar en las jornadas est\u00e1s aceptando estas normas y comprometi\u00e9ndote a seguirlas. Aceptarlas es requisito indispensable para participar en las jornadas.&nbsp;\ud83d\udc48<\/p>\n","protected":false},"author":1,"featured_media":478,"parent":0,"menu_order":0,"comment_status":"closed","ping_status":"closed","template":"","meta":{"footnotes":""},"class_list":["post-347","page","type-page","status-publish","has-post-thumbnail","hentry"],"_links":{"self":[{"href":"https:\/\/runasnet.org\/index.php\/wp-json\/wp\/v2\/pages\/347","targetHints":{"allow":["GET"]}}],"collection":[{"href":"https:\/\/runasnet.org\/index.php\/wp-json\/wp\/v2\/pages"}],"about":[{"href":"https:\/\/runasnet.org\/index.php\/wp-json\/wp\/v2\/types\/page"}],"author":[{"embeddable":true,"href":"https:\/\/runasnet.org\/index.php\/wp-json\/wp\/v2\/users\/1"}],"replies":[{"embeddable":true,"href":"https:\/\/runasnet.org\/index.php\/wp-json\/wp\/v2\/comments?post=347"}],"version-history":[{"count":2,"href":"https:\/\/runasnet.org\/index.php\/wp-json\/wp\/v2\/pages\/347\/revisions"}],"predecessor-version":[{"id":611,"href":"https:\/\/runasnet.org\/index.php\/wp-json\/wp\/v2\/pages\/347\/revisions\/611"}],"wp:featuredmedia":[{"embeddable":true,"href":"https:\/\/runasnet.org\/index.php\/wp-json\/"}],"wp:attachment":[{"href":"https:\/\/runasnet.org\/index.php\/wp-json\/wp\/v2\/media?parent=347"}],"curies":[{"name":"wp","href":"https:\/\/api.w.org\/{rel}","templated":true}]}}