{"id":1114,"date":"2026-05-07T08:29:35","date_gmt":"2026-05-07T06:29:35","guid":{"rendered":"https:\/\/runasnet.org\/?page_id=1114"},"modified":"2026-05-09T16:55:35","modified_gmt":"2026-05-09T14:55:35","slug":"partidas-runas-net-2026-2","status":"publish","type":"page","link":"https:\/\/runasnet.org\/index.php\/partidas-runas-net-2026-2\/","title":{"rendered":"Partidas Runas Net 2026"},"content":{"rendered":"\n<p>Para inscribir una partida, solo hay que entrar en el&nbsp;<strong><a href=\"https:\/\/discord.gg\/BNMcmxwEqr\">Discord de las Runas Net<\/a><\/strong>, leer y&nbsp;<strong>aceptar las normas<\/strong>&nbsp;&nbsp;(si no lo has hecho ya) y en la \u00ab<strong>sala-com\u00fan<\/strong>\u00bb escribir que&nbsp;<strong>quieres dirigir una partida<\/strong>. Entonces te daremos acceso al canal de&nbsp;<strong>directores<\/strong>&nbsp;&nbsp;donde ver\u00e1s las&nbsp;<strong>instrucciones<\/strong>&nbsp;a seguir y el&nbsp;<strong>formulario<\/strong>&nbsp;a rellenar. Puedes leer sobre el <strong><a href=\"https:\/\/runasnet.org\/index.php\/proceso-de-inscripcion-de-partidas\/\" data-type=\"link\" data-id=\"https:\/\/runasnet.org\/index.php\/proceso-de-inscripcion-de-partidas\/\">proceso de inscripci\u00f3n aqu\u00ed<\/a><\/strong>. Luego aparecer\u00e1 tu partida en esta p\u00e1gina para que la vea todo el mundo. Se aceptan&nbsp;<strong>partidas de&nbsp;<a href=\"https:\/\/elruneblog.blogspot.com\/2018\/08\/the-big-list-of-published-settings-for.html\">cualquier juego con sistema D100<\/a><\/strong>.&nbsp;<br><br><strong>El 31 de mayo a las 22:00 horas funcionar\u00e1n los enlaces directos<\/strong><br>Estas son las partidas que se jugar\u00e1n en las&nbsp;<strong>Runas Net 2026<\/strong>&nbsp;<strong>del 12 al 14 de junio<\/strong>.<br><br><\/p>\n\n\n\n<p><strong>VIERNES 12 TARDE:<\/strong><\/p>\n\n\n\n<div class=\"wp-block-group is-vertical is-layout-flex wp-container-core-group-is-layout-fe9cc265 wp-block-group-is-layout-flex\">\n<p><strong>T\u00edtulo de la Partida: La desaparici\u00f3n de Illa Santiago<br><\/strong>Director: Faifolk<br>Sistema de Juego: d100 Unknown Armies<br>D\u00eda de la Partida: Viernes 12 de junio<br>Horario: 16:30 &#8211; 20:00<br>N\u00famero M\u00ednimo de Jugadores: 3<br>N\u00famero M\u00e1ximo de Jugadores: 5<br>Plataforma de Juego: Roll20+Discord<\/p>\n\n\n\n<p>Se emitir\u00e1 la partida: No<br>Apta para menores de 18 a\u00f1os: No<br>Apta para novatos: S\u00ed<br>Herramientas de seguridad aplicadas: Contrato social<br>Advertencia de contenido: Drogas, maltrato, suicidio, violencia f\u00edsica y verbal, eventos sobrenaturales, locura, p\u00e9rdida de libertad, trata de seres humanos.<br><br>Sinopsis de la partida:<br>El mundo es terrible. No es que necesariamente os haya pasado algo espeluznante\u2026 aunque tal vez s\u00ed.<br>Pero ya la molicie de cada d\u00eda gris, la ignorancia propia y ajena, la ira\u2026 Hay quien dice que vamos a los<br>sitios con la secreta esperanza de ver a la misma gente. Y as\u00ed ibais al \u00abCaf\u00e9 del Ghetto\u00bb. Pero hoy Illa no<br>est\u00e1.<\/p>\n<\/div>\n\n\n\n<p><strong>&#8212; OTRA PARTIDA &#8212;<\/strong><\/p>\n\n\n\n<div class=\"wp-block-group is-vertical is-layout-flex wp-container-core-group-is-layout-fe9cc265 wp-block-group-is-layout-flex\">\n<p><strong>T\u00edtulo de la Partida: La Verdad de Eurmal<br><\/strong>Director: josesico<br>Sistema de Juego d100: RuneQuest Aventuras en Glorantha<br>D\u00eda de la Partida: Viernes 12 de junio<br>Horario: 17:00 &#8211; 20:00<br>N\u00famero M\u00ednimo de Jugadores: 3<br>N\u00famero M\u00e1ximo de Jugadores: 4<br>Plataforma de Juego: Roll20+Discord<\/p>\n\n\n\n<p>Se emitir\u00e1 la partida: No<br>Apta para menores de 18 a\u00f1os: S\u00ed<br>Apta para novatos: S\u00ed<br>Herramientas de seguridad aplicadas: Contrato social<br>Advertencia de contenido: ninguna<\/p>\n\n\n\n<p>Sinopsis de la partida:<br>Entran en una taberna una Eurmali, un Orlanthi y un Humakti \u00bfcomo se llama el mito?<br>\u00abUna Cuesti\u00f3n de Honor, Caos y Cerveza\u00bb<br>Siempre lo mismo: el Humakti jura que hubo una ofensa, el Orlanthi jura que fue un malentendido, y la<br>Eurmali jura que solo dijo la verdad\u2026 mientras alguien cuenta los dientes por el suelo y el oso del<br>establo exige un careo.<\/p>\n<\/div>\n\n\n\n<p><strong>VIERNES 12 NOCHE:<\/strong><\/p>\n\n\n\n<p>Vac\u00edo<\/p>\n\n\n\n<p><strong>S\u00c1BADO 13 MA\u00d1ANA:<\/strong><\/p>\n\n\n\n<p>Vac\u00edo<\/p>\n\n\n\n<p><strong>S\u00c1BADO 13 TARDE:<\/strong><\/p>\n\n\n\n<p><strong>T\u00edtulo de la partida: Crossover: Campeones de Europa<\/strong><br>Director: ogomos<br>Sistema de Juego d100: Superheroes INC Tercera edici\u00f3n<br>D\u00eda de la Partida: S\u00e1bado 13 de junio<br>Horario: 16:00 &#8211; 20:00<br>N\u00famero M\u00ednimo de jugadores: 4<br>N\u00famero M\u00e1ximo de jugadores: 6<br>Plataforma de juego: Roll20+Discord<\/p>\n\n\n\n<p>Se emitir\u00e1 la partida: Consenso con la mesa<br>Apta para menores de 18 a\u00f1os: S\u00ed<br>Apta para novatos: S\u00ed<br>Herramientas de seguridad: Sem\u00e1foro<br>Advertencia de contenido: Politica, experimentaci\u00f3n, muerte<\/p>\n\n\n\n<p>Sinopsis de la partida:<br>Eres uno de los Campeones de Europa, una llamada te saca de tu entrenamiento rutinario, teneis una nueva misi\u00f3n, en las costas de Groenlandia han aparecido unos extra\u00f1os cadaveres. Estados Unidos los ha reclamado pero Groenlandia ha pedido vuestra intervenci\u00f3n antes de tomar una decisi\u00f3n\u2026.<\/p>\n\n\n\n<p><strong>&#8212; OTRA PARTIDA &#8212;<\/strong><\/p>\n\n\n\n<p><strong>T\u00edtulo de la partida: La granja maldita<\/strong><br>Director: Tillinghast<br>Sistema de Juego d100: Age of Vikings<br>D\u00eda de la partida: S\u00e1bado 13 de junio<br>Horario: 16:30 &#8211; 20:30<br>N\u00famero M\u00ednimo de jugadores: 3<br>N\u00famero M\u00e1ximo de jugadores: 5<br>Plataforma de juego: Roll20+Discord<\/p>\n\n\n\n<p>Se emitir\u00e1 la partida: No<br>Apta para menores de 18 a\u00f1os: S\u00ed<br>Apta para novatos: S\u00ed<br>Herramientas de seguridad: Contrato social, Sem\u00e1foro<br>Advertencia de contenido: Violencia, deformidades<\/p>\n\n\n\n<p>Sinopsis de la partida:<br>Es pleno verano, pero el d\u00eda est\u00e1 inusualmente nublado. Hrafn Reginsson, tu go\u00f0i, el jefe local, os ha pedido que visit\u00e9is a vuestra vecina lejana, Bj\u00f6rg Finnsd\u00f3ttir, que ha solicitado ayuda para salvar su granja.<\/p>\n\n\n\n<p><strong>&#8212; OTRA PARTIDA &#8212;<\/strong><\/p>\n\n\n\n<p><strong>T\u00edtulo de la partida: Un resplandor en la niebla<\/strong><br>Director: Bruc<br>Sistema de Juego d100: La llamada de Cthulhu 7 ed<br>D\u00eda de la partida: S\u00e1bado 13 de junio<br>Horario: 18:00 &#8211; 21:00<br>N\u00famero M\u00ednimo de jugadores: 2<br>N\u00famero M\u00e1ximo de jugadores: 4<br>Plataforma de juego: StreamYard + Roll20<\/p>\n\n\n\n<p>Se emitir\u00e1 la partida: S\u00ed<br>Apta para menores de 18 a\u00f1os: S\u00ed<br>Apta para novatos: S\u00ed<br>Herramientas de seguridad: Sem\u00e1foro<br>Advertencia de contenido: Paranormal, seres de los mitos, terror<\/p>\n\n\n\n<p>Sinopsis de la partida:<br>Los PJ son amigos desde hace varios a\u00f1os y tienen un hobby en com\u00fan: todo lo relacionado con lo paranormal.<br>Les encanta inmiscuirse en casos incre\u00edbles o imposibles que la polic\u00eda no puede resolver y desentra\u00f1ar el misterio.<br>Tras resolver un caso de extra\u00f1os fen\u00f3menos paranormales, los personajes jugadores vuelven en su veh\u00edculo habitual direcci\u00f3n a Boston\u2026 \u00bfPero llegar\u00e1n a casa?<\/p>\n\n\n\n<p><\/p>\n\n\n\n<p><strong>S\u00c1BADO 13 NOCHE:<\/strong><\/p>\n\n\n\n<p>T\u00edtulo de la Partida: Artemisa VI<br>Director: Khirsah<br>Sistema de Juego d100: M-Space<br>D\u00eda de la Partida: S\u00e1bado 13 de junio<br>Hora de Inicio: 21:00 &#8211; 00:00<br>N\u00famero M\u00ednimo de Jugadores: 3<br>N\u00famero M\u00e1ximo de Jugadores: 5<br>Plataforma de Juego: FoundryVtt + Discord<\/p>\n\n\n\n<p>Se emitir\u00e1 la partida? No<br>Apta para menores de 18 a\u00f1os: No<br>Apta para novatos: S\u00ed<br>Herramientas de seguridad aplicadas: L\u00edneas y velos Tarjeta X<br>Advertencia de contenido: Espacio, estr\u00e9s<\/p>\n\n\n\n<p>Sinopsis de la partida<br>Los protagonistas son los integrantes de la misi\u00f3n Artemisa VI. Personajes muy capaces,<br>pertenecientes a distintas agencias y con intereses dispares, que se pondr\u00e1n a prueba a lo largo de la<br>aventura. La historia transcurre en un futuro cercano, concretamente en el a\u00f1o 2039, en mitad de una<br>hipot\u00e9tica carrera espacial por ser el primero en establecer una base permanente en la Luna.<\/p>\n\n\n\n<p>\u2026<\/p>\n\n\n\n<p><strong>DOMINGO 14 MA\u00d1ANA:<\/strong><\/p>\n\n\n\n<p>Vac\u00edo<\/p>\n\n\n\n<p><strong>DOMINGO 14 TARDE:<\/strong><\/p>\n\n\n\n<p>Vac\u00edo<\/p>\n\n\n\n<p><strong>DOMINGO 14 NOCHE:<\/strong><\/p>\n\n\n\n<p>Sorteo<\/p>\n\n\n\n<p><\/p>\n","protected":false},"excerpt":{"rendered":"<p>Para inscribir una partida, solo hay que entrar en el&nbsp;Discord de las Runas Net, leer y&nbsp;aceptar las normas&nbsp;&nbsp;(si no lo has hecho ya) y en la \u00absala-com\u00fan\u00bb escribir que&nbsp;quieres dirigir una partida. Entonces te daremos acceso al canal de&nbsp;directores&nbsp;&nbsp;donde ver\u00e1s las&nbsp;instrucciones&nbsp;a seguir y el&nbsp;formulario&nbsp;a rellenar. Puedes leer sobre el proceso de inscripci\u00f3n aqu\u00ed. Luego aparecer\u00e1 tu partida en esta p\u00e1gina para que la vea todo el mundo. Se aceptan&nbsp;partidas de&nbsp;cualquier juego con sistema D100.&nbsp; El 31 de mayo a las 22:00 horas funcionar\u00e1n los enlaces directosEstas son las partidas que se jugar\u00e1n en las&nbsp;Runas Net 2026&nbsp;del 12 al 14 de junio. VIERNES 12 TARDE: T\u00edtulo de la Partida: La desaparici\u00f3n de Illa SantiagoDirector: FaifolkSistema de Juego: d100 Unknown ArmiesD\u00eda de la Partida: Viernes 12 de junioHorario: 16:30 &#8211; 20:00N\u00famero M\u00ednimo de Jugadores: 3N\u00famero M\u00e1ximo de Jugadores: 5Plataforma de Juego: Roll20+Discord Se emitir\u00e1 la partida: NoApta para menores de 18 a\u00f1os: NoApta para novatos: S\u00edHerramientas de seguridad aplicadas: Contrato socialAdvertencia de contenido: Drogas, maltrato, suicidio, violencia f\u00edsica y verbal, eventos sobrenaturales, locura, p\u00e9rdida de libertad, trata de seres humanos. Sinopsis de la partida:El mundo es terrible. No es que necesariamente os haya pasado algo espeluznante\u2026 aunque tal vez s\u00ed.Pero ya la molicie de cada d\u00eda gris, la ignorancia propia y ajena, la ira\u2026 Hay quien dice que vamos a lossitios con la secreta esperanza de ver a la misma gente. Y as\u00ed ibais al \u00abCaf\u00e9 del Ghetto\u00bb. Pero hoy Illa noest\u00e1. &#8212; OTRA PARTIDA &#8212; T\u00edtulo de la Partida: La Verdad de EurmalDirector: josesicoSistema de Juego d100: RuneQuest Aventuras en GloranthaD\u00eda de la Partida: Viernes 12 de junioHorario: 17:00 &#8211; 20:00N\u00famero M\u00ednimo de Jugadores: 3N\u00famero M\u00e1ximo de Jugadores: 4Plataforma de Juego: Roll20+Discord Se emitir\u00e1 la partida: NoApta para menores de 18 a\u00f1os: S\u00edApta para novatos: S\u00edHerramientas de seguridad aplicadas: Contrato socialAdvertencia de contenido: ninguna Sinopsis de la partida:Entran en una taberna una Eurmali, un Orlanthi y un Humakti \u00bfcomo se llama el mito?\u00abUna Cuesti\u00f3n de Honor, Caos y Cerveza\u00bbSiempre lo mismo: el Humakti jura que hubo una ofensa, el Orlanthi jura que fue un malentendido, y laEurmali jura que solo dijo la verdad\u2026 mientras alguien cuenta los dientes por el suelo y el oso delestablo exige un careo. VIERNES 12 NOCHE: Vac\u00edo S\u00c1BADO 13 MA\u00d1ANA: Vac\u00edo S\u00c1BADO 13 TARDE: T\u00edtulo de la partida: Crossover: Campeones de EuropaDirector: ogomosSistema de Juego d100: Superheroes INC Tercera edici\u00f3nD\u00eda de la Partida: S\u00e1bado 13 de junioHorario: 16:00 &#8211; 20:00N\u00famero M\u00ednimo de jugadores: 4N\u00famero M\u00e1ximo de jugadores: 6Plataforma de juego: Roll20+Discord Se emitir\u00e1 la partida: Consenso con la mesaApta para menores de 18 a\u00f1os: S\u00edApta para novatos: S\u00edHerramientas de seguridad: Sem\u00e1foroAdvertencia de contenido: Politica, experimentaci\u00f3n, muerte Sinopsis de la partida:Eres uno de los Campeones de Europa, una llamada te saca de tu entrenamiento rutinario, teneis una nueva misi\u00f3n, en las costas de Groenlandia han aparecido unos extra\u00f1os cadaveres. Estados Unidos los ha reclamado pero Groenlandia ha pedido vuestra intervenci\u00f3n antes de tomar una decisi\u00f3n\u2026. &#8212; OTRA PARTIDA &#8212; T\u00edtulo de la partida: La granja malditaDirector: TillinghastSistema de Juego d100: Age of VikingsD\u00eda de la partida: S\u00e1bado 13 de junioHorario: 16:30 &#8211; 20:30N\u00famero M\u00ednimo de jugadores: 3N\u00famero M\u00e1ximo de jugadores: 5Plataforma de juego: Roll20+Discord Se emitir\u00e1 la partida: NoApta para menores de 18 a\u00f1os: S\u00edApta para novatos: S\u00edHerramientas de seguridad: Contrato social, Sem\u00e1foroAdvertencia de contenido: Violencia, deformidades Sinopsis de la partida:Es pleno verano, pero el d\u00eda est\u00e1 inusualmente nublado. Hrafn Reginsson, tu go\u00f0i, el jefe local, os ha pedido que visit\u00e9is a vuestra vecina lejana, Bj\u00f6rg Finnsd\u00f3ttir, que ha solicitado ayuda para salvar su granja. &#8212; OTRA PARTIDA &#8212; T\u00edtulo de la partida: Un resplandor en la nieblaDirector: BrucSistema de Juego d100: La llamada de Cthulhu 7 edD\u00eda de la partida: S\u00e1bado 13 de junioHorario: 18:00 &#8211; 21:00N\u00famero M\u00ednimo de jugadores: 2N\u00famero M\u00e1ximo de jugadores: 4Plataforma de juego: StreamYard + Roll20 Se emitir\u00e1 la partida: S\u00edApta para menores de 18 a\u00f1os: S\u00edApta para novatos: S\u00edHerramientas de seguridad: Sem\u00e1foroAdvertencia de contenido: Paranormal, seres de los mitos, terror Sinopsis de la partida:Los PJ son amigos desde hace varios a\u00f1os y tienen un hobby en com\u00fan: todo lo relacionado con lo paranormal.Les encanta inmiscuirse en casos incre\u00edbles o imposibles que la polic\u00eda no puede resolver y desentra\u00f1ar el misterio.Tras resolver un caso de extra\u00f1os fen\u00f3menos paranormales, los personajes jugadores vuelven en su veh\u00edculo habitual direcci\u00f3n a Boston\u2026 \u00bfPero llegar\u00e1n a casa? S\u00c1BADO 13 NOCHE: T\u00edtulo de la Partida: Artemisa VIDirector: KhirsahSistema de Juego d100: M-SpaceD\u00eda de la Partida: S\u00e1bado 13 de junioHora de Inicio: 21:00 &#8211; 00:00N\u00famero M\u00ednimo de Jugadores: 3N\u00famero M\u00e1ximo de Jugadores: 5Plataforma de Juego: FoundryVtt + Discord Se emitir\u00e1 la partida? NoApta para menores de 18 a\u00f1os: NoApta para novatos: S\u00edHerramientas de seguridad aplicadas: L\u00edneas y velos Tarjeta XAdvertencia de contenido: Espacio, estr\u00e9s Sinopsis de la partidaLos protagonistas son los integrantes de la misi\u00f3n Artemisa VI. Personajes muy capaces,pertenecientes a distintas agencias y con intereses dispares, que se pondr\u00e1n a prueba a lo largo de laaventura. La historia transcurre en un futuro cercano, concretamente en el a\u00f1o 2039, en mitad de unahipot\u00e9tica carrera espacial por ser el primero en establecer una base permanente en la Luna. \u2026 DOMINGO 14 MA\u00d1ANA: Vac\u00edo DOMINGO 14 TARDE: Vac\u00edo DOMINGO 14 NOCHE: Sorteo<\/p>\n","protected":false},"author":1,"featured_media":0,"parent":0,"menu_order":0,"comment_status":"closed","ping_status":"closed","template":"","meta":{"footnotes":""},"class_list":["post-1114","page","type-page","status-publish","hentry"],"_links":{"self":[{"href":"https:\/\/runasnet.org\/index.php\/wp-json\/wp\/v2\/pages\/1114","targetHints":{"allow":["GET"]}}],"collection":[{"href":"https:\/\/runasnet.org\/index.php\/wp-json\/wp\/v2\/pages"}],"about":[{"href":"https:\/\/runasnet.org\/index.php\/wp-json\/wp\/v2\/types\/page"}],"author":[{"embeddable":true,"href":"https:\/\/runasnet.org\/index.php\/wp-json\/wp\/v2\/users\/1"}],"replies":[{"embeddable":true,"href":"https:\/\/runasnet.org\/index.php\/wp-json\/wp\/v2\/comments?post=1114"}],"version-history":[{"count":12,"href":"https:\/\/runasnet.org\/index.php\/wp-json\/wp\/v2\/pages\/1114\/revisions"}],"predecessor-version":[{"id":1146,"href":"https:\/\/runasnet.org\/index.php\/wp-json\/wp\/v2\/pages\/1114\/revisions\/1146"}],"wp:attachment":[{"href":"https:\/\/runasnet.org\/index.php\/wp-json\/wp\/v2\/media?parent=1114"}],"curies":[{"name":"wp","href":"https:\/\/api.w.org\/{rel}","templated":true}]}}