{"id":1095,"date":"2026-05-07T18:53:59","date_gmt":"2026-05-07T16:53:59","guid":{"rendered":"https:\/\/runasnet.org\/?page_id=1095"},"modified":"2026-05-07T18:53:59","modified_gmt":"2026-05-07T16:53:59","slug":"proceso-de-inscripcion-de-partidas","status":"publish","type":"page","link":"https:\/\/runasnet.org\/index.php\/proceso-de-inscripcion-de-partidas\/","title":{"rendered":"Proceso de inscripci\u00f3n de partidas"},"content":{"rendered":"\n<p>\u00a1Saludos Director@s!<\/p>\n\n\n\n<p>Aqu\u00ed puedes leer algunas indicaciones para inscribir una partida D100 en las jornadas.<\/p>\n\n\n\n<p>Como las jornadas se organizan en nuestro servidor de Discord, hay que entrar all\u00ed, aunque se puede entrar a Discord desde el navegador (no es necesario descargar una app).<br>Esto se hace porque los participantes, director@s y jugador@s, deben de <strong>aceptar las normas de las jornadas y el servidor<\/strong>. Por eso, al entrar en el Discord de las Runas Net es lo primero que debes hacer para ver todos los canales interesantes. Si lees el mensaje de bienvenida al entrar, ver\u00e1s que te lo ponemos f\u00e1cil.<\/p>\n\n\n\n<p>Si te animas a <strong>dirigir por primera vez en las jornadas<\/strong>, d\u00ednoslo con un mensaje en el <a href=\"https:\/\/discord.gg\/BNMcmxwEqr\" data-type=\"link\" data-id=\"https:\/\/discord.gg\/BNMcmxwEqr\"><strong>Discord de las Runas Net<\/strong><\/a>, en la <strong>sala-com\u00fan<\/strong>.<br>Entonces te indicaremos c\u00f3mo y d\u00f3nde rellenar el formulario. M\u00e1s abajo te adelantamos algo que deber\u00e1s preparar.<\/p>\n\n\n\n<p>Otro motivo para entrar en el servidor de las Runas Net es para que tengas <strong>tu Nick o Nombre de Discord<\/strong> y podamos contactar contigo o atender dudas de manera m\u00e1s fluida. Es tambi\u00e9n el modo de organizarte con tus jugador@s en estas jornadas y dejarles informaci\u00f3n en un <strong>canal exclusivo para tu partida<\/strong>, una vez se inscriban a esta.<\/p>\n\n\n\n<p>Si lo prefieres, puedes usar <strong>Discord<\/strong> para dirigir tu partida o usarlo solo para organizar la partida y dirigir en <strong>otra plataforma online o VTT<\/strong> que suelas usar.<\/p>\n\n\n<h3><strong>El formulario<\/strong><\/h3>\n\n\n<p>En el formulario se pide tu <strong>nick o nombre de Discord<\/strong> en las Runas Net.<br>Por lo tanto, las inscripciones de partida de desconocidos no ver\u00e1n la luz.<\/p>\n\n\n\n<p>Adem\u00e1s, tendr\u00e1s que rellenar el d\u00eda, la hora, el sistema d100 o BRP que vas a emplear, n\u00famero de jugadores m\u00ednimo y m\u00e1ximo, la plataforma de juego online, una sinopsis (l\u00edmite 65 palabras), si pretendes emitirla, si es apta para novatos o menores de 18, herramientas de seguridad y advertencias de contenido.<\/p>\n\n\n\n<p>Y por supuesto, subir <strong>la imagen para el cartel de tu partida<\/strong>. Est\u00e1 explicado en el Discord pero puedes prepararla antes.<\/p>\n\n\n\n<p>No es necesario que la imagen incluya ning\u00fan texto, ya que en el cartel se incluye lo que contest\u00e9is en el formulario.<\/p>\n\n\n\n<p>La imagen que elijas tiene que ser un rect\u00e1ngulo tumbado, m\u00e1s ancha que alta, para que salga bien el cartel cuando se a\u00f1adan el resto de los datos. Por ejemplo:<\/p>\n\n\n\n<figure class=\"wp-block-image size-large\"><img loading=\"lazy\" decoding=\"async\" width=\"1024\" height=\"614\" src=\"https:\/\/runasnet.org\/wp-content\/uploads\/2026\/05\/PortadaPartidaejemplo-1024x614.jpg\" alt=\"\" class=\"wp-image-1096\" srcset=\"https:\/\/runasnet.org\/wp-content\/uploads\/2026\/05\/PortadaPartidaejemplo-1024x614.jpg 1024w, https:\/\/runasnet.org\/wp-content\/uploads\/2026\/05\/PortadaPartidaejemplo-300x180.jpg 300w, https:\/\/runasnet.org\/wp-content\/uploads\/2026\/05\/PortadaPartidaejemplo-768x461.jpg 768w, https:\/\/runasnet.org\/wp-content\/uploads\/2026\/05\/PortadaPartidaejemplo-1140x684.jpg 1140w, https:\/\/runasnet.org\/wp-content\/uploads\/2026\/05\/PortadaPartidaejemplo.jpg 1200w\" sizes=\"auto, (max-width: 1024px) 100vw, 1024px\" \/><figcaption class=\"wp-element-caption\"><em>La imagen de un casa noble al fondo y en primer plano, a la derecha un soldado junto a dos se\u00f1ores feudales y a la izquierda una joven dispar\u00e1ndoles con su arco.<\/em><\/figcaption><\/figure>\n\n\n\n<p>La relaci\u00f3n puede ser desde dos tercios m\u00e1s ancha (ej. ancho 900 x 600 alto) hasta el doble de ancha (ej. ancho 1200 x 600 alto).<\/p>\n\n\n\n<figure class=\"wp-block-image size-full\"><img loading=\"lazy\" decoding=\"async\" width=\"800\" height=\"234\" src=\"https:\/\/runasnet.org\/wp-content\/uploads\/2026\/05\/Medidasimagenpartida.jpg\" alt=\"\" class=\"wp-image-1097\" srcset=\"https:\/\/runasnet.org\/wp-content\/uploads\/2026\/05\/Medidasimagenpartida.jpg 800w, https:\/\/runasnet.org\/wp-content\/uploads\/2026\/05\/Medidasimagenpartida-300x88.jpg 300w, https:\/\/runasnet.org\/wp-content\/uploads\/2026\/05\/Medidasimagenpartida-768x225.jpg 768w\" sizes=\"auto, (max-width: 800px) 100vw, 800px\" \/><figcaption class=\"wp-element-caption\"><em>Dos rect\u00e1ngulos mostrando las medidas que se mencionan antes.<\/em><\/figcaption><\/figure>\n\n\n\n<p><strong>Truco con el Paint si s\u00f3lo tienes una imagen vertical y queda mal recortarla:<\/strong><\/p>\n\n\n\n<p>Tenemos esa imagen perfecta \u00ab\u00a1Oh, no, es estrecha y alta!\u00bb, ejemplo: 650 x 1000<\/p>\n\n\n\n<figure class=\"wp-block-image size-full\"><img loading=\"lazy\" decoding=\"async\" width=\"650\" height=\"1000\" src=\"https:\/\/runasnet.org\/wp-content\/uploads\/2026\/05\/PortadaPartidaejemploVert.jpg\" alt=\"\" class=\"wp-image-1098\" srcset=\"https:\/\/runasnet.org\/wp-content\/uploads\/2026\/05\/PortadaPartidaejemploVert.jpg 650w, https:\/\/runasnet.org\/wp-content\/uploads\/2026\/05\/PortadaPartidaejemploVert-195x300.jpg 195w\" sizes=\"auto, (max-width: 650px) 100vw, 650px\" \/><figcaption class=\"wp-element-caption\"><em>Una torre almenada de cuatro pisos en un paisaje monta\u00f1oso y delante dos apariciones fantasmales, la de un caballero con armadura y espada y la de una figura encapuchada con rostro esquel\u00e9tico.<\/em><\/figcaption><\/figure>\n\n\n\n<ul class=\"wp-block-list\">\n<li>Primero. Mira cu\u00e1nto tiene de alta, en el ejemplo 1000.<\/li>\n\n\n\n<li>Segundo. Abre un Paint nuevo en blanco, pulsa el icono \u00abCambiar tama\u00f1o y sesgar\u00bb o Ctrl + W<\/li>\n\n\n\n<li>Tercero. En la ventana que se abre selecciona \u00abP\u00edxeles\u00bb y desmarca el s\u00edmbolo \u00abMantener relaci\u00f3n de aspecto\u00bb entre Horizontal y Vertical.<\/li>\n\n\n\n<li>Cuarto. En Horizontal pongo el doble del alto que ten\u00eda mi imagen, en este caso 2000. En Vertical pongo justo el alto de mi imagen, 1000.<\/li>\n\n\n\n<li>Quinto. Acepta y ya tienes un rect\u00e1ngulo blanco tumbado.<\/li>\n\n\n\n<li>Sexto. Abre otro Paint con la imagen original. La seleccionas toda, la copias, vas al paint en blanco, la pegas y arrastras al centro del rect\u00e1ngulo blanco.<\/li>\n<\/ul>\n\n\n\n<figure class=\"wp-block-image size-large\"><img loading=\"lazy\" decoding=\"async\" width=\"1024\" height=\"512\" src=\"https:\/\/runasnet.org\/wp-content\/uploads\/2026\/05\/PortadaPartidaejemploHoriz-1024x512.jpg\" alt=\"\" class=\"wp-image-1099\" srcset=\"https:\/\/runasnet.org\/wp-content\/uploads\/2026\/05\/PortadaPartidaejemploHoriz-1024x512.jpg 1024w, https:\/\/runasnet.org\/wp-content\/uploads\/2026\/05\/PortadaPartidaejemploHoriz-300x150.jpg 300w, https:\/\/runasnet.org\/wp-content\/uploads\/2026\/05\/PortadaPartidaejemploHoriz-768x384.jpg 768w, https:\/\/runasnet.org\/wp-content\/uploads\/2026\/05\/PortadaPartidaejemploHoriz-1536x768.jpg 1536w, https:\/\/runasnet.org\/wp-content\/uploads\/2026\/05\/PortadaPartidaejemploHoriz-1080x540.jpg 1080w, https:\/\/runasnet.org\/wp-content\/uploads\/2026\/05\/PortadaPartidaejemploHoriz-1140x570.jpg 1140w, https:\/\/runasnet.org\/wp-content\/uploads\/2026\/05\/PortadaPartidaejemploHoriz.jpg 2000w\" sizes=\"auto, (max-width: 1024px) 100vw, 1024px\" \/><figcaption class=\"wp-element-caption\"><em>La misma imagen de antes pero centrada en un rect\u00e1ngulo, con lo que deja una zona blanca a cada lado.<\/em><\/figcaption><\/figure>\n\n\n\n<p>Al guardar pon el t\u00edtulo y ya tienes tu imagen para subir al formulario en forma de rect\u00e1ngulo tumbado (2000 x 1000).<\/p>\n\n\n\n<p>Como el fondo del cartel siempre es blanco, el blanco de los lados de tu imagen no se ver\u00e1 y la portada quedar\u00e1 centrada.<\/p>\n\n\n\n<p><\/p>\n","protected":false},"excerpt":{"rendered":"<p>\u00a1Saludos Director@s! Aqu\u00ed puedes leer algunas indicaciones para inscribir una partida D100 en las jornadas. Como las jornadas se organizan en nuestro servidor de Discord, hay que entrar all\u00ed, aunque se puede entrar a Discord desde el navegador (no es necesario descargar una app).Esto se hace porque los participantes, director@s y jugador@s, deben de aceptar las normas de las jornadas y el servidor. Por eso, al entrar en el Discord de las Runas Net es lo primero que debes hacer para ver todos los canales interesantes. Si lees el mensaje de bienvenida al entrar, ver\u00e1s que te lo ponemos f\u00e1cil. Si te animas a dirigir por primera vez en las jornadas, d\u00ednoslo con un mensaje en el Discord de las Runas Net, en la sala-com\u00fan.Entonces te indicaremos c\u00f3mo y d\u00f3nde rellenar el formulario. M\u00e1s abajo te adelantamos algo que deber\u00e1s preparar. Otro motivo para entrar en el servidor de las Runas Net es para que tengas tu Nick o Nombre de Discord y podamos contactar contigo o atender dudas de manera m\u00e1s fluida. Es tambi\u00e9n el modo de organizarte con tus jugador@s en estas jornadas y dejarles informaci\u00f3n en un canal exclusivo para tu partida, una vez se inscriban a esta. Si lo prefieres, puedes usar Discord para dirigir tu partida o usarlo solo para organizar la partida y dirigir en otra plataforma online o VTT que suelas usar. El formulario En el formulario se pide tu nick o nombre de Discord en las Runas Net.Por lo tanto, las inscripciones de partida de desconocidos no ver\u00e1n la luz. Adem\u00e1s, tendr\u00e1s que rellenar el d\u00eda, la hora, el sistema d100 o BRP que vas a emplear, n\u00famero de jugadores m\u00ednimo y m\u00e1ximo, la plataforma de juego online, una sinopsis (l\u00edmite 65 palabras), si pretendes emitirla, si es apta para novatos o menores de 18, herramientas de seguridad y advertencias de contenido. Y por supuesto, subir la imagen para el cartel de tu partida. Est\u00e1 explicado en el Discord pero puedes prepararla antes. No es necesario que la imagen incluya ning\u00fan texto, ya que en el cartel se incluye lo que contest\u00e9is en el formulario. La imagen que elijas tiene que ser un rect\u00e1ngulo tumbado, m\u00e1s ancha que alta, para que salga bien el cartel cuando se a\u00f1adan el resto de los datos. Por ejemplo: La relaci\u00f3n puede ser desde dos tercios m\u00e1s ancha (ej. ancho 900 x 600 alto) hasta el doble de ancha (ej. ancho 1200 x 600 alto). Truco con el Paint si s\u00f3lo tienes una imagen vertical y queda mal recortarla: Tenemos esa imagen perfecta \u00ab\u00a1Oh, no, es estrecha y alta!\u00bb, ejemplo: 650 x 1000 Al guardar pon el t\u00edtulo y ya tienes tu imagen para subir al formulario en forma de rect\u00e1ngulo tumbado (2000 x 1000). Como el fondo del cartel siempre es blanco, el blanco de los lados de tu imagen no se ver\u00e1 y la portada quedar\u00e1 centrada.<\/p>\n","protected":false},"author":1,"featured_media":0,"parent":0,"menu_order":0,"comment_status":"closed","ping_status":"closed","template":"","meta":{"footnotes":""},"class_list":["post-1095","page","type-page","status-publish","hentry"],"_links":{"self":[{"href":"https:\/\/runasnet.org\/index.php\/wp-json\/wp\/v2\/pages\/1095","targetHints":{"allow":["GET"]}}],"collection":[{"href":"https:\/\/runasnet.org\/index.php\/wp-json\/wp\/v2\/pages"}],"about":[{"href":"https:\/\/runasnet.org\/index.php\/wp-json\/wp\/v2\/types\/page"}],"author":[{"embeddable":true,"href":"https:\/\/runasnet.org\/index.php\/wp-json\/wp\/v2\/users\/1"}],"replies":[{"embeddable":true,"href":"https:\/\/runasnet.org\/index.php\/wp-json\/wp\/v2\/comments?post=1095"}],"version-history":[{"count":3,"href":"https:\/\/runasnet.org\/index.php\/wp-json\/wp\/v2\/pages\/1095\/revisions"}],"predecessor-version":[{"id":1121,"href":"https:\/\/runasnet.org\/index.php\/wp-json\/wp\/v2\/pages\/1095\/revisions\/1121"}],"wp:attachment":[{"href":"https:\/\/runasnet.org\/index.php\/wp-json\/wp\/v2\/media?parent=1095"}],"curies":[{"name":"wp","href":"https:\/\/api.w.org\/{rel}","templated":true}]}}