{"id":1055,"date":"2026-04-08T07:48:09","date_gmt":"2026-04-08T05:48:09","guid":{"rendered":"https:\/\/runasnet.org\/?page_id=1055"},"modified":"2026-04-08T19:34:19","modified_gmt":"2026-04-08T17:34:19","slug":"calendario","status":"publish","type":"page","link":"https:\/\/runasnet.org\/index.php\/calendario\/","title":{"rendered":"Calendario"},"content":{"rendered":"\n<figure class=\"wp-block-gallery has-nested-images columns-default is-cropped wp-block-gallery-1 is-layout-flex wp-block-gallery-is-layout-flex\">\n<figure class=\"wp-block-image size-full\"><img loading=\"lazy\" decoding=\"async\" width=\"800\" height=\"960\" data-id=\"1069\" src=\"https:\/\/runasnet.org\/wp-content\/uploads\/2026\/04\/CalendRN2026.jpg\" alt=\"\" class=\"wp-image-1069\" srcset=\"https:\/\/runasnet.org\/wp-content\/uploads\/2026\/04\/CalendRN2026.jpg 800w, https:\/\/runasnet.org\/wp-content\/uploads\/2026\/04\/CalendRN2026-250x300.jpg 250w, https:\/\/runasnet.org\/wp-content\/uploads\/2026\/04\/CalendRN2026-768x922.jpg 768w\" sizes=\"auto, (max-width: 800px) 100vw, 800px\" \/><\/figure>\n<\/figure>\n\n\n\n<p>\u00a1Las <strong>Runas Net<\/strong> vuelven!<\/p>\n\n\n\n<p>Un a\u00f1o m\u00e1s, las jornadas online para juegos de rol con sistemas d100.<br>Sumerg\u00edos en la aventura, investigad misterios o visitad lugares incre\u00edbles en el espacio y el tiempo.<br>Pero cuidado, los Poderes Ocultos tras el velo de la realidad vigilan vuestras decisiones y tiradas.<\/p>\n\n\n\n<p>\u00a1Animaos a <strong>dirigir partidas<\/strong> en estas jornadas!<br>Podr\u00e9is <strong>proponer\/inscribir vuestras partidas<\/strong> desde el <strong>4 de mayo al 28 de mayo<\/strong> (ventana de 3 semanas y 4 d\u00edas). Entrad al <a href=\"https:\/\/discord.gg\/BNMcmxwEqr\" data-type=\"link\" data-id=\"https:\/\/discord.gg\/BNMcmxwEqr\">Discord<\/a> de las Runas Net.<br>El viernes 29 de mayo (de 8:00 de la ma\u00f1ana a las 00:00) se dejar\u00e1, a quienes dirijan partida, reservar una plaza para jugar en otra partida propuesta (que no coincida en horario con la que va a dirigir).<\/p>\n\n\n\n<p>La noche del <strong>domingo 31 de mayo a las 22:00 comienzan las inscripciones de los jugadores<\/strong> a las partidas, <strong>hasta el 9 de junio<\/strong>. En el <a href=\"https:\/\/discord.gg\/BNMcmxwEqr\" data-type=\"link\" data-id=\"https:\/\/discord.gg\/BNMcmxwEqr\">Discord<\/a> de las Runas Net.<br>Si a\u00fan quedaran plazas disponibles en partidas, dejaremos en manos de el\/la director\/a la decisi\u00f3n de bloquear, cerrar la mesa o dejar que se apunten jugadores fuera de plazo.<\/p>\n\n\n\n<p><strong>Las Jornadas se celebrar\u00e1n desde el viernes d\u00eda 12 de junio por la tarde al domingo 14 de junio<\/strong> a las 21:00 aprox. <em>(Horario de Espa\u00f1a, pen\u00ednsula ib\u00e9rica)<\/em><\/p>\n\n\n\n<p>Recordad que son jornadas de juegos de rol con sistema d100, para cualquier ambientaci\u00f3n, futurista, superheroica, terror\u00edfica, fant\u00e1stica, hist\u00f3rica, oscura y sombr\u00eda, detectivesca y otras.<\/p>\n\n\n\n<p>\u00a1Que vuestras decisiones sean certeras y vuestros dados rueden propicios!<\/p>\n","protected":false},"excerpt":{"rendered":"<p>\u00a1Las Runas Net vuelven! Un a\u00f1o m\u00e1s, las jornadas online para juegos de rol con sistemas d100.Sumerg\u00edos en la aventura, investigad misterios o visitad lugares incre\u00edbles en el espacio y el tiempo.Pero cuidado, los Poderes Ocultos tras el velo de la realidad vigilan vuestras decisiones y tiradas. \u00a1Animaos a dirigir partidas en estas jornadas!Podr\u00e9is proponer\/inscribir vuestras partidas desde el 4 de mayo al 28 de mayo (ventana de 3 semanas y 4 d\u00edas). Entrad al Discord de las Runas Net.El viernes 29 de mayo (de 8:00 de la ma\u00f1ana a las 00:00) se dejar\u00e1, a quienes dirijan partida, reservar una plaza para jugar en otra partida propuesta (que no coincida en horario con la que va a dirigir). La noche del domingo 31 de mayo a las 22:00 comienzan las inscripciones de los jugadores a las partidas, hasta el 9 de junio. En el Discord de las Runas Net.Si a\u00fan quedaran plazas disponibles en partidas, dejaremos en manos de el\/la director\/a la decisi\u00f3n de bloquear, cerrar la mesa o dejar que se apunten jugadores fuera de plazo. Las Jornadas se celebrar\u00e1n desde el viernes d\u00eda 12 de junio por la tarde al domingo 14 de junio a las 21:00 aprox. (Horario de Espa\u00f1a, pen\u00ednsula ib\u00e9rica) Recordad que son jornadas de juegos de rol con sistema d100, para cualquier ambientaci\u00f3n, futurista, superheroica, terror\u00edfica, fant\u00e1stica, hist\u00f3rica, oscura y sombr\u00eda, detectivesca y otras. \u00a1Que vuestras decisiones sean certeras y vuestros dados rueden propicios!<\/p>\n","protected":false},"author":1,"featured_media":0,"parent":0,"menu_order":0,"comment_status":"closed","ping_status":"closed","template":"","meta":{"footnotes":""},"class_list":["post-1055","page","type-page","status-publish","hentry"],"_links":{"self":[{"href":"https:\/\/runasnet.org\/index.php\/wp-json\/wp\/v2\/pages\/1055","targetHints":{"allow":["GET"]}}],"collection":[{"href":"https:\/\/runasnet.org\/index.php\/wp-json\/wp\/v2\/pages"}],"about":[{"href":"https:\/\/runasnet.org\/index.php\/wp-json\/wp\/v2\/types\/page"}],"author":[{"embeddable":true,"href":"https:\/\/runasnet.org\/index.php\/wp-json\/wp\/v2\/users\/1"}],"replies":[{"embeddable":true,"href":"https:\/\/runasnet.org\/index.php\/wp-json\/wp\/v2\/comments?post=1055"}],"version-history":[{"count":8,"href":"https:\/\/runasnet.org\/index.php\/wp-json\/wp\/v2\/pages\/1055\/revisions"}],"predecessor-version":[{"id":1072,"href":"https:\/\/runasnet.org\/index.php\/wp-json\/wp\/v2\/pages\/1055\/revisions\/1072"}],"wp:attachment":[{"href":"https:\/\/runasnet.org\/index.php\/wp-json\/wp\/v2\/media?parent=1055"}],"curies":[{"name":"wp","href":"https:\/\/api.w.org\/{rel}","templated":true}]}}